{"id":98,"date":"2015-08-26T13:21:10","date_gmt":"2015-08-26T12:21:10","guid":{"rendered":"https:\/\/www.daruj-vajicka.cz\/?page_id=98"},"modified":"2026-03-11T12:10:37","modified_gmt":"2026-03-11T11:10:37","slug":"darovani-vajicek","status":"publish","type":"page","link":"https:\/\/www.daruj-vajicka.cz\/","title":{"rendered":"\u00davodn\u00ed str\u00e1nka"},"content":{"rendered":"<div class=\"wpb-content-wrapper\"><p>[vc_row][vc_column]\n\t\t\t<!-- START Home Medic REVOLUTION SLIDER 6.6.12 --><p class=\"rs-p-wp-fix\"><\/p>\n\t\t\t<rs-module-wrap id=\"rev_slider_1_1_wrapper\" data-source=\"gallery\" style=\"visibility:hidden;padding:0;margin:0px auto;margin-top:0;margin-bottom:0;\">\n\t\t\t\t<rs-module id=\"rev_slider_1_1\" style=\"\" data-version=\"6.6.12\">\n\t\t\t\t\t<rs-slides style=\"overflow: hidden; position: absolute;\">\n\t\t\t\t\t\t<rs-slide style=\"position: absolute;\" data-key=\"rs-1\" data-title=\"Slide\" data-anim=\"adpr:false;\" data-in=\"o:0;\" data-out=\"a:false;\">\n\t\t\t\t\t\t\t<img fetchpriority=\"high\" decoding=\"async\" src=\"\/\/www.daruj-vajicka.cz\/wp-content\/plugins\/revslider\/public\/assets\/assets\/dummy.png\" alt=\"\" title=\"darovani_vajicek2\" width=\"1200\" height=\"675\" class=\"rev-slidebg tp-rs-img rs-lazyload\" data-lazyload=\"\/\/www.daruj-vajicka.cz\/wp-content\/uploads\/2025\/06\/darovani_vajicek2.png\" data-bg=\"p:center top;\" data-no-retina>\n<!---->\t\t\t\t\t\t<\/rs-slide>\n\t\t\t\t\t<\/rs-slides>\n\t\t\t\t<\/rs-module>\n\t\t\t\t<script>\n\t\t\t\t\tsetREVStartSize({c: 'rev_slider_1_1',rl:[1240,1024,778,480],el:[900,768,960,720],gw:[1180,1024,778,480],gh:[900,768,960,720],type:'standard',justify:'',layout:'fullwidth',mh:\"0\"});if (window.RS_MODULES!==undefined && window.RS_MODULES.modules!==undefined && window.RS_MODULES.modules[\"revslider11\"]!==undefined) {window.RS_MODULES.modules[\"revslider11\"].once = false;window.revapi1 = undefined;if (window.RS_MODULES.checkMinimal!==undefined) window.RS_MODULES.checkMinimal()}\n\t\t\t\t<\/script>\n\t\t\t<\/rs-module-wrap>\n\t\t\t<!-- END REVOLUTION SLIDER -->\n[\/vc_column][\/vc_row][vc_row full_width=&#8221;stretch_row&#8221; css=&#8221;.vc_custom_1443164288649{padding-top: 50px !important;background-color: #ecf7f6 !important;}&#8221;][vc_column]<div class=\"fancy_heading fancy_heading_line\"><div class=\"fh-top\"><\/div><h2 class=\"title\">Daruj lidem radost a daruj vaj\u00ed\u010dka<\/h2><\/div>\n[vc_row_inner][vc_column_inner][vc_column_text css=&#8221;&#8221;]<\/p>\n<h3 style=\"text-align: center;\">St\u00e1le p\u0159ib\u00fdvaj\u00ed neplodn\u00e9 p\u00e1ry, kter\u00e9 cht\u011bj\u00ed zalo\u017eit vlastn\u00ed rodinu, ale k ot\u011bhotn\u011bn\u00ed pot\u0159ebuj\u00ed darovan\u00e1 vaj\u00ed\u010dka a t\u0159eba pr\u00e1v\u011b Vy jim m\u016f\u017eete pomoci. Z\u00edsk\u00e1te odpov\u00eddaj\u00edc\u00ed finan\u010dn\u00ed kompenzaci a kompletn\u00ed p\u0159ehled o sv\u00e9m zdravotn\u00edm stavu.<\/h3>\n<p>[\/vc_column_text][vc_btn title=&#8221;Chci darovat&#8221; color=&#8221;info&#8221; size=&#8221;lg&#8221; align=&#8221;center&#8221; css=&#8221;&#8221; link=&#8221;url:https%3A%2F%2Fwww.daruj-vajicka.cz%2F%3Fpage_id%3D392|title:Chci%20darovat&#8221;][vc_separator][\/vc_column_inner][\/vc_row_inner][vc_row_inner][vc_column_inner width=&#8221;1\/4&#8243;]<div class=\"icon_box icon_position_top no_border\"><a class=\"\" href=\"https:\/\/www.daruj-vajicka.cz\/?page_id=194#1443094013726-bd90eb48-fd16\"   title=\"\"><div class=\"icon_wrapper\"><div class=\"icon\"><i class=\"icon-info\" aria-hidden=\"true\"><\/i><\/div><\/div><div class=\"desc_wrapper\"><h4 class=\"title\">Co bych o darov\u00e1n\u00ed m\u011bla v\u011bd\u011bt?<\/h4><\/div><\/a><\/div>\n[\/vc_column_inner][vc_column_inner width=&#8221;1\/4&#8243;]<div class=\"icon_box icon_position_top no_border\"><a class=\"\" href=\"https:\/\/www.daruj-vajicka.cz\/?page_id=194#1443094013997-36c2a9d3-b9ba\"   title=\"\"><div class=\"icon_wrapper\"><div class=\"icon\"><i class=\"icon-heart-line\" aria-hidden=\"true\"><\/i><\/div><\/div><div class=\"desc_wrapper\"><h4 class=\"title\">Pro\u010d darovat vaj\u00ed\u010dka?<\/h4><\/div><\/a><\/div>\n[\/vc_column_inner][vc_column_inner width=&#8221;1\/4&#8243;]<div class=\"icon_box icon_position_top no_border\"><a class=\"\" href=\"https:\/\/www.daruj-vajicka.cz\/?page_id=194#1443094424268-9b405e03-6200\"   title=\"\"><div class=\"icon_wrapper\"><div class=\"icon\"><i class=\"icon-flow-tree\" aria-hidden=\"true\"><\/i><\/div><\/div><div class=\"desc_wrapper\"><h4 class=\"title\">Pr\u016fb\u011bh darov\u00e1n\u00ed<\/h4><\/div><\/a><\/div>\n[\/vc_column_inner][vc_column_inner width=&#8221;1\/4&#8243;]<div class=\"icon_box icon_position_top no_border\"><a class=\"\" href=\"https:\/\/www.daruj-vajicka.cz\/?page_id=367\"   title=\"\"><div class=\"icon_wrapper\"><div class=\"icon\"><i class=\"icon-help\" aria-hidden=\"true\"><\/i><\/div><\/div><div class=\"desc_wrapper\"><h4 class=\"title\">Nej\u010dast\u011bj\u0161\u00ed dotazy<\/h4><\/div><\/a><\/div>\n[\/vc_column_inner][\/vc_row_inner][\/vc_column][\/vc_row][vc_row full_width=&#8221;stretch_row&#8221; css=&#8221;.vc_custom_1681253575741{padding-top: 20px !important;padding-bottom: 20px !important;background-color: #ecf7f6 !important;}&#8221;][vc_column width=&#8221;1\/2&#8243;][vc_column_text]<\/p>\n<h2>V\u00edtejte na na\u0161\u00ed klinice<\/h2>\n<p>[\/vc_column_text][\/vc_column][vc_column width=&#8221;1\/4&#8243;][\/vc_column][vc_column width=&#8221;1\/4&#8243;][\/vc_column][\/vc_row][vc_row full_width=&#8221;stretch_row&#8221; css=&#8221;.vc_custom_1681253563486{padding-top: 20px !important;padding-bottom: 20px !important;background-color: #ecf7f6 !important;}&#8221;][vc_column width=&#8221;1\/2&#8243; css=&#8221;.vc_custom_1691065332990{padding-top: 0px !important;}&#8221;][vc_masonry_media_grid element_width=&#8221;6&#8243; gap=&#8221;3&#8243; item=&#8221;masonryMedia_SolidBlurOut&#8221; css=&#8221;&#8221; grid_id=&#8221;vc_gid:1769600989200-9c3ec0cda540b18cb357bfd89d89ac9b-1&#8243; include=&#8221;657,656,307,308,306,311&#8243;][\/vc_column][vc_column width=&#8221;1\/4&#8243; css=&#8221;.vc_custom_1681253404717{background-color: #ffffff !important;}&#8221;]<div class=\"opening_hours\" ><h4 class=\"title\">Ordina\u010dn\u00ed hodiny<\/h4><div class=\"opening_hours_wrapper\"><span class=\"ohw-desc\"><\/p>\n<h5 style=\"text-align: left;\">Pond\u011bl\u00ed &#8211; P\u00e1tek <span style=\"color: #e7b7c9;\"><strong>8:00 &#8211; 16:00<\/strong><\/span><\/h5>\n<p><\/span><\/div><\/div>\n[\/vc_column][vc_column width=&#8221;1\/4&#8243; css=&#8221;.vc_custom_1748858509252{background-color: #bd799a !important;}&#8221;]<div class=\"get_in_touch\" ><h3 class=\"title\">Next Fertility IVF Prof. Zech Pilsen, Centrum asistovan\u00e9 reprodukce<\/h3><div class=\"get_in_touch_wrapper\"><ul><li class=\"address\"><span class=\"icon\"><i class=\"icon-location\" aria-label=\"address\"><\/i><\/span><span class=\"address_wrapper\">B. Smetany 2<br \/>\n301 00 Plze\u0148<\/span><\/li><li class=\"phone phone-1\"><span class=\"icon\"><i class=\"icon-phone\" aria-label=\"phone\"><\/i><\/span><p><a href=\"tel:+420377279350\">+420 377 279 350<\/a><\/p><\/li><li class=\"mail\"><span class=\"icon\"><i class=\"icon-mail\" aria-label=\"mail\"><\/i><\/span><p><a href=\"mailto:office.pilsen@next-fertility.cz\">office.pilsen@next-fertility.cz<\/a><\/p><\/li><li class=\"www\"><span class=\"icon\"><i class=\"icon-link\"><\/i><\/span><p><a target=\"_blank\" href=\"https:\/\/www.next-fertilitypilsen.cz\">www.next-fertilitypilsen.cz<\/a><\/p><\/li><\/ul><\/div><\/div>\n[\/vc_column][\/vc_row][vc_row full_width=&#8221;stretch_row_content_no_spaces&#8221; css=&#8221;.vc_custom_1443163403263{padding-top: 40px !important;padding-bottom: 40px !important;}&#8221;][vc_column]<div class=\"fancy_heading fancy_heading_icon\"><div class=\"fh-top\"><\/div><h2 class=\"title\">Na\u0161i l\u00e9ka\u0159i<\/h2><\/div>\n[\/vc_column][\/vc_row][vc_row css=&#8221;.vc_custom_1443173861355{padding-bottom: 40px !important;}&#8221;][vc_column width=&#8221;1\/2&#8243;]<div class=\"team team_horizontal\"><h4 class=\"title\">MUDr. Ren\u00e1ta Krm\u00ed\u010dkov\u00e1, Ph.D.<\/h4><div class=\"image_frame photo no_link scale-with-grid\"><div class=\"image_wrapper\"><img decoding=\"async\" class=\"scale-with-grid\" src=\"https:\/\/www.daruj-vajicka.cz\/wp-content\/uploads\/2025\/08\/Renata-Krmickova-2025-1.png\" alt=\"Renata Krmickova 2025\" width=\"1024\" height=\"1024\"\/><\/div><\/div><div class=\"desc_wrapper clearfix\"><p class=\"subtitle\">Odborn\u00e1 l\u00e9ka\u0159ka v oboru gynekologie a porodnictv\u00ed<\/p><p class=\"phone\"><i class=\"icon-phone\" aria-label=\"phone\"><\/i> <a href=\"tel:+420 377 279 350\">+420 377 279 350<\/a><\/p><hr class=\"hr_color\" \/><div class=\"desc\"><\/div><div class=\"links\"><a href=\"mailto:office.pilsen@next-fertility.cz\" class=\"icon_bar icon_bar_small mail\"><span class=\"t\"><i class=\"icon-mail\" aria-label=\"mail\"><\/i><\/span><span class=\"b\"><i class=\"icon-mail\" aria-hidden=\"true\"><\/i><\/span><\/a><\/div><\/div><\/div>\n<div class=\"team team_horizontal\"><h4 class=\"title\">MUDr. Eli\u0161ka Skalick\u00e1<\/h4><div class=\"image_frame photo no_link scale-with-grid\"><div class=\"image_wrapper\"><img decoding=\"async\" class=\"scale-with-grid\" src=\"https:\/\/www.daruj-vajicka.cz\/wp-content\/uploads\/2026\/01\/Eliska-Skalicka.png\" alt=\"Eliska Skalicka\" width=\"1024\" height=\"1024\"\/><\/div><\/div><div class=\"desc_wrapper clearfix\"><p class=\"subtitle\">Odborn\u00e1 l\u00e9ka\u0159ka v oboru gynekologie a porodnictv\u00ed<\/p><p class=\"phone\"><i class=\"icon-phone\" aria-label=\"phone\"><\/i> <a href=\"tel:+420 377 279 350\">+420 377 279 350<\/a><\/p><hr class=\"hr_color\" \/><div class=\"desc\"><\/div><div class=\"links\"><a href=\"mailto:office.pilsen@next-fertility.cz\" class=\"icon_bar icon_bar_small mail\"><span class=\"t\"><i class=\"icon-mail\" aria-label=\"mail\"><\/i><\/span><span class=\"b\"><i class=\"icon-mail\" aria-hidden=\"true\"><\/i><\/span><\/a><\/div><\/div><\/div>\n[\/vc_column][vc_column width=&#8221;1\/2&#8243;]<div class=\"team team_horizontal\"><h4 class=\"title\">MUDr. Jan Cibulka Ph.D.<\/h4><div class=\"image_frame photo no_link scale-with-grid\"><div class=\"image_wrapper\"><img loading=\"lazy\" decoding=\"async\" class=\"scale-with-grid\" src=\"https:\/\/www.daruj-vajicka.cz\/wp-content\/uploads\/2025\/08\/Jan-Cibulka-2025.png\" alt=\"Jan Cibulka 2025\" width=\"1024\" height=\"1024\"\/><\/div><\/div><div class=\"desc_wrapper clearfix\"><p class=\"subtitle\">Gynekolog a porodn\u00edk<\/p><p class=\"phone\"><i class=\"icon-phone\" aria-label=\"phone\"><\/i> <a href=\"tel:+420 377 279 350\">+420 377 279 350<\/a><\/p><hr class=\"hr_color\" \/><div class=\"desc\"><\/div><div class=\"links\"><a href=\"mailto:office.pilsen@next-fertility.cz\" class=\"icon_bar icon_bar_small mail\"><span class=\"t\"><i class=\"icon-mail\" aria-label=\"mail\"><\/i><\/span><span class=\"b\"><i class=\"icon-mail\" aria-hidden=\"true\"><\/i><\/span><\/a><\/div><\/div><\/div>\n<div class=\"team team_horizontal\"><h4 class=\"title\">MUDr. Petr \u010cernaj<\/h4><div class=\"image_frame photo no_link scale-with-grid\"><div class=\"image_wrapper\"><img loading=\"lazy\" decoding=\"async\" class=\"scale-with-grid\" src=\"https:\/\/www.daruj-vajicka.cz\/wp-content\/uploads\/2025\/08\/Petr-Cernaj-2025.png\" alt=\"Petr Cernaj 2025\" width=\"1024\" height=\"1024\"\/><\/div><\/div><div class=\"desc_wrapper clearfix\"><p class=\"subtitle\">Gynekolog a porodn\u00edk<\/p><p class=\"phone\"><i class=\"icon-phone\" aria-label=\"phone\"><\/i> <a href=\"tel:+420 377 279 350\">+420 377 279 350<\/a><\/p><hr class=\"hr_color\" \/><div class=\"desc\"><\/div><div class=\"links\"><a href=\"mailto:office.pilsen@next-fertility.cz\" class=\"icon_bar icon_bar_small mail\"><span class=\"t\"><i class=\"icon-mail\" aria-label=\"mail\"><\/i><\/span><span class=\"b\"><i class=\"icon-mail\" aria-hidden=\"true\"><\/i><\/span><\/a><\/div><\/div><\/div>\n[\/vc_column][\/vc_row][vc_row disable_element=&#8221;yes&#8221;][vc_column][\/vc_column][\/vc_row]<\/p>\n<\/div>","protected":false},"excerpt":{"rendered":"<p>[vc_row][vc_column][\/vc_column][\/vc_row][vc_row full_width=&#8221;stretch_row&#8221; css=&#8221;.vc_custom_1443164288649{padding-top: 50px !important;background-color: #ecf7f6 !important;}&#8221;][vc_column][vc_row_inner][vc_column_inner][vc_column_text css=&#8221;&#8221;] St\u00e1le p\u0159ib\u00fdvaj\u00ed neplodn\u00e9 p\u00e1ry, kter\u00e9 cht\u011bj\u00ed zalo\u017eit vlastn\u00ed rodinu, ale k ot\u011bhotn\u011bn\u00ed pot\u0159ebuj\u00ed darovan\u00e1 vaj\u00ed\u010dka a t\u0159eba pr\u00e1v\u011b<span class=\"excerpt-hellip\"> [\u2026]<\/span><\/p>\n","protected":false},"author":1,"featured_media":714,"parent":0,"menu_order":0,"comment_status":"open","ping_status":"open","template":"","meta":{"footnotes":""},"class_list":["post-98","page","type-page","status-publish","has-post-thumbnail","hentry"],"yoast_head":"<title>\u00davodn\u00ed str\u00e1nka - Daruj Vaj\u00ed\u010dka<\/title>\n<meta name=\"robots\" content=\"index, follow, max-snippet:-1, max-image-preview:large, max-video-preview:-1\" \/>\n<link rel=\"canonical\" href=\"https:\/\/www.daruj-vajicka.cz\/\" \/>\n<meta property=\"og:locale\" content=\"cs_CZ\" \/>\n<meta property=\"og:type\" content=\"article\" \/>\n<meta property=\"og:title\" content=\"\u00davodn\u00ed str\u00e1nka - Daruj Vaj\u00ed\u010dka\" \/>\n<meta property=\"og:description\" content=\"[vc_row][vc_column][\/vc_column][\/vc_row][vc_row full_width=&#8221;stretch_row&#8221; css=&#8221;.vc_custom_1443164288649{padding-top: 50px !important;background-color: #ecf7f6 !important;}&#8221;][vc_column][vc_row_inner][vc_column_inner][vc_column_text css=&#8221;&#8221;] St\u00e1le p\u0159ib\u00fdvaj\u00ed neplodn\u00e9 p\u00e1ry, kter\u00e9 cht\u011bj\u00ed zalo\u017eit vlastn\u00ed rodinu, ale k ot\u011bhotn\u011bn\u00ed pot\u0159ebuj\u00ed darovan\u00e1 vaj\u00ed\u010dka a t\u0159eba pr\u00e1v\u011b [\u2026]\" \/>\n<meta property=\"og:url\" content=\"https:\/\/www.daruj-vajicka.cz\/\" \/>\n<meta property=\"og:site_name\" content=\"Daruj Vaj\u00ed\u010dka\" \/>\n<meta property=\"article:publisher\" content=\"https:\/\/www.facebook.com\/IVFcentrumPlzen\/\" \/>\n<meta property=\"article:modified_time\" content=\"2026-03-11T11:10:37+00:00\" \/>\n<meta property=\"og:image\" content=\"https:\/\/www.daruj-vajicka.cz\/wp-content\/uploads\/2025\/06\/cropped-LOGO-NF-velke-pruhledne-pozadi.png\" \/>\n\t<meta property=\"og:image:width\" content=\"512\" \/>\n\t<meta property=\"og:image:height\" content=\"512\" \/>\n\t<meta property=\"og:image:type\" content=\"image\/png\" \/>\n<meta name=\"twitter:card\" content=\"summary_large_image\" \/>\n<meta name=\"twitter:label1\" content=\"Odhadovan\u00e1 doba \u010dten\u00ed\" \/>\n\t<meta name=\"twitter:data1\" content=\"4 minuty\" \/>\n<script type=\"application\/ld+json\" class=\"yoast-schema-graph\">{\"@context\":\"https:\/\/schema.org\",\"@graph\":[{\"@type\":\"WebPage\",\"@id\":\"https:\/\/www.daruj-vajicka.cz\/\",\"url\":\"https:\/\/www.daruj-vajicka.cz\/\",\"name\":\"\u00davodn\u00ed str\u00e1nka - Daruj Vaj\u00ed\u010dka\",\"isPartOf\":{\"@id\":\"https:\/\/www.daruj-vajicka.cz\/#website\"},\"primaryImageOfPage\":{\"@id\":\"https:\/\/www.daruj-vajicka.cz\/#primaryimage\"},\"image\":{\"@id\":\"https:\/\/www.daruj-vajicka.cz\/#primaryimage\"},\"thumbnailUrl\":\"https:\/\/www.daruj-vajicka.cz\/wp-content\/uploads\/2025\/06\/cropped-LOGO-NF-velke-pruhledne-pozadi.png\",\"datePublished\":\"2015-08-26T12:21:10+00:00\",\"dateModified\":\"2026-03-11T11:10:37+00:00\",\"breadcrumb\":{\"@id\":\"https:\/\/www.daruj-vajicka.cz\/#breadcrumb\"},\"inLanguage\":\"cs\",\"potentialAction\":[{\"@type\":\"ReadAction\",\"target\":[\"https:\/\/www.daruj-vajicka.cz\/\"]}]},{\"@type\":\"ImageObject\",\"inLanguage\":\"cs\",\"@id\":\"https:\/\/www.daruj-vajicka.cz\/#primaryimage\",\"url\":\"https:\/\/www.daruj-vajicka.cz\/wp-content\/uploads\/2025\/06\/cropped-LOGO-NF-velke-pruhledne-pozadi.png\",\"contentUrl\":\"https:\/\/www.daruj-vajicka.cz\/wp-content\/uploads\/2025\/06\/cropped-LOGO-NF-velke-pruhledne-pozadi.png\",\"width\":512,\"height\":512},{\"@type\":\"BreadcrumbList\",\"@id\":\"https:\/\/www.daruj-vajicka.cz\/#breadcrumb\",\"itemListElement\":[{\"@type\":\"ListItem\",\"position\":1,\"name\":\"Dom\u016f\",\"item\":\"https:\/\/www.daruj-vajicka.cz\/\"},{\"@type\":\"ListItem\",\"position\":2,\"name\":\"\u00davodn\u00ed str\u00e1nka\"}]},{\"@type\":\"WebSite\",\"@id\":\"https:\/\/www.daruj-vajicka.cz\/#website\",\"url\":\"https:\/\/www.daruj-vajicka.cz\/\",\"name\":\"Daruj Vaj\u00ed\u010dka\",\"description\":\"St\u00e1le p\u0159ib\u00fdvaj\u00ed neplodn\u00e9 p\u00e1ry, kter\u00e9 cht\u011bj\u00ed zalo\u017eit vlastn\u00ed rodinu, ale k ot\u011bhotn\u011bn\u00ed pot\u0159ebuj\u00ed darovan\u00e1 vaj\u00ed\u010dka a t\u0159eba pr\u00e1v\u011b Vy jim m\u016f\u017eete pomoci.\",\"publisher\":{\"@id\":\"https:\/\/www.daruj-vajicka.cz\/#organization\"},\"potentialAction\":[{\"@type\":\"SearchAction\",\"target\":{\"@type\":\"EntryPoint\",\"urlTemplate\":\"https:\/\/www.daruj-vajicka.cz\/?s={search_term_string}\"},\"query-input\":{\"@type\":\"PropertyValueSpecification\",\"valueRequired\":true,\"valueName\":\"search_term_string\"}}],\"inLanguage\":\"cs\"},{\"@type\":\"Organization\",\"@id\":\"https:\/\/www.daruj-vajicka.cz\/#organization\",\"name\":\"Daruj Vaj\u00ed\u010dka\",\"url\":\"https:\/\/www.daruj-vajicka.cz\/\",\"logo\":{\"@type\":\"ImageObject\",\"inLanguage\":\"cs\",\"@id\":\"https:\/\/www.daruj-vajicka.cz\/#\/schema\/logo\/image\/\",\"url\":\"https:\/\/www.daruj-vajicka.cz\/wp-content\/uploads\/2023\/04\/cropped-Logo.jpg\",\"contentUrl\":\"https:\/\/www.daruj-vajicka.cz\/wp-content\/uploads\/2023\/04\/cropped-Logo.jpg\",\"width\":1200,\"height\":340,\"caption\":\"Daruj Vaj\u00ed\u010dka\"},\"image\":{\"@id\":\"https:\/\/www.daruj-vajicka.cz\/#\/schema\/logo\/image\/\"},\"sameAs\":[\"https:\/\/www.facebook.com\/IVFcentrumPlzen\/\",\"https:\/\/www.youtube.com\/channel\/UCcDjvGkDYkeRrIIAQUaHqew\"]}]}<\/script>","yoast_head_json":{"title":"\u00davodn\u00ed str\u00e1nka - Daruj Vaj\u00ed\u010dka","robots":{"index":"index","follow":"follow","max-snippet":"max-snippet:-1","max-image-preview":"max-image-preview:large","max-video-preview":"max-video-preview:-1"},"canonical":"https:\/\/www.daruj-vajicka.cz\/","og_locale":"cs_CZ","og_type":"article","og_title":"\u00davodn\u00ed str\u00e1nka - Daruj Vaj\u00ed\u010dka","og_description":"[vc_row][vc_column][\/vc_column][\/vc_row][vc_row full_width=&#8221;stretch_row&#8221; css=&#8221;.vc_custom_1443164288649{padding-top: 50px !important;background-color: #ecf7f6 !important;}&#8221;][vc_column][vc_row_inner][vc_column_inner][vc_column_text css=&#8221;&#8221;] St\u00e1le p\u0159ib\u00fdvaj\u00ed neplodn\u00e9 p\u00e1ry, kter\u00e9 cht\u011bj\u00ed zalo\u017eit vlastn\u00ed rodinu, ale k ot\u011bhotn\u011bn\u00ed pot\u0159ebuj\u00ed darovan\u00e1 vaj\u00ed\u010dka a t\u0159eba pr\u00e1v\u011b [\u2026]","og_url":"https:\/\/www.daruj-vajicka.cz\/","og_site_name":"Daruj Vaj\u00ed\u010dka","article_publisher":"https:\/\/www.facebook.com\/IVFcentrumPlzen\/","article_modified_time":"2026-03-11T11:10:37+00:00","og_image":[{"width":512,"height":512,"url":"https:\/\/www.daruj-vajicka.cz\/wp-content\/uploads\/2025\/06\/cropped-LOGO-NF-velke-pruhledne-pozadi.png","type":"image\/png"}],"twitter_card":"summary_large_image","twitter_misc":{"Odhadovan\u00e1 doba \u010dten\u00ed":"4 minuty"},"schema":{"@context":"https:\/\/schema.org","@graph":[{"@type":"WebPage","@id":"https:\/\/www.daruj-vajicka.cz\/","url":"https:\/\/www.daruj-vajicka.cz\/","name":"\u00davodn\u00ed str\u00e1nka - Daruj Vaj\u00ed\u010dka","isPartOf":{"@id":"https:\/\/www.daruj-vajicka.cz\/#website"},"primaryImageOfPage":{"@id":"https:\/\/www.daruj-vajicka.cz\/#primaryimage"},"image":{"@id":"https:\/\/www.daruj-vajicka.cz\/#primaryimage"},"thumbnailUrl":"https:\/\/www.daruj-vajicka.cz\/wp-content\/uploads\/2025\/06\/cropped-LOGO-NF-velke-pruhledne-pozadi.png","datePublished":"2015-08-26T12:21:10+00:00","dateModified":"2026-03-11T11:10:37+00:00","breadcrumb":{"@id":"https:\/\/www.daruj-vajicka.cz\/#breadcrumb"},"inLanguage":"cs","potentialAction":[{"@type":"ReadAction","target":["https:\/\/www.daruj-vajicka.cz\/"]}]},{"@type":"ImageObject","inLanguage":"cs","@id":"https:\/\/www.daruj-vajicka.cz\/#primaryimage","url":"https:\/\/www.daruj-vajicka.cz\/wp-content\/uploads\/2025\/06\/cropped-LOGO-NF-velke-pruhledne-pozadi.png","contentUrl":"https:\/\/www.daruj-vajicka.cz\/wp-content\/uploads\/2025\/06\/cropped-LOGO-NF-velke-pruhledne-pozadi.png","width":512,"height":512},{"@type":"BreadcrumbList","@id":"https:\/\/www.daruj-vajicka.cz\/#breadcrumb","itemListElement":[{"@type":"ListItem","position":1,"name":"Dom\u016f","item":"https:\/\/www.daruj-vajicka.cz\/"},{"@type":"ListItem","position":2,"name":"\u00davodn\u00ed str\u00e1nka"}]},{"@type":"WebSite","@id":"https:\/\/www.daruj-vajicka.cz\/#website","url":"https:\/\/www.daruj-vajicka.cz\/","name":"Daruj Vaj\u00ed\u010dka","description":"St\u00e1le p\u0159ib\u00fdvaj\u00ed neplodn\u00e9 p\u00e1ry, kter\u00e9 cht\u011bj\u00ed zalo\u017eit vlastn\u00ed rodinu, ale k ot\u011bhotn\u011bn\u00ed pot\u0159ebuj\u00ed darovan\u00e1 vaj\u00ed\u010dka a t\u0159eba pr\u00e1v\u011b Vy jim m\u016f\u017eete pomoci.","publisher":{"@id":"https:\/\/www.daruj-vajicka.cz\/#organization"},"potentialAction":[{"@type":"SearchAction","target":{"@type":"EntryPoint","urlTemplate":"https:\/\/www.daruj-vajicka.cz\/?s={search_term_string}"},"query-input":{"@type":"PropertyValueSpecification","valueRequired":true,"valueName":"search_term_string"}}],"inLanguage":"cs"},{"@type":"Organization","@id":"https:\/\/www.daruj-vajicka.cz\/#organization","name":"Daruj Vaj\u00ed\u010dka","url":"https:\/\/www.daruj-vajicka.cz\/","logo":{"@type":"ImageObject","inLanguage":"cs","@id":"https:\/\/www.daruj-vajicka.cz\/#\/schema\/logo\/image\/","url":"https:\/\/www.daruj-vajicka.cz\/wp-content\/uploads\/2023\/04\/cropped-Logo.jpg","contentUrl":"https:\/\/www.daruj-vajicka.cz\/wp-content\/uploads\/2023\/04\/cropped-Logo.jpg","width":1200,"height":340,"caption":"Daruj Vaj\u00ed\u010dka"},"image":{"@id":"https:\/\/www.daruj-vajicka.cz\/#\/schema\/logo\/image\/"},"sameAs":["https:\/\/www.facebook.com\/IVFcentrumPlzen\/","https:\/\/www.youtube.com\/channel\/UCcDjvGkDYkeRrIIAQUaHqew"]}]}},"_links":{"self":[{"href":"https:\/\/www.daruj-vajicka.cz\/index.php?rest_route=\/wp\/v2\/pages\/98","targetHints":{"allow":["GET"]}}],"collection":[{"href":"https:\/\/www.daruj-vajicka.cz\/index.php?rest_route=\/wp\/v2\/pages"}],"about":[{"href":"https:\/\/www.daruj-vajicka.cz\/index.php?rest_route=\/wp\/v2\/types\/page"}],"author":[{"embeddable":true,"href":"https:\/\/www.daruj-vajicka.cz\/index.php?rest_route=\/wp\/v2\/users\/1"}],"replies":[{"embeddable":true,"href":"https:\/\/www.daruj-vajicka.cz\/index.php?rest_route=%2Fwp%2Fv2%2Fcomments&post=98"}],"version-history":[{"count":200,"href":"https:\/\/www.daruj-vajicka.cz\/index.php?rest_route=\/wp\/v2\/pages\/98\/revisions"}],"predecessor-version":[{"id":764,"href":"https:\/\/www.daruj-vajicka.cz\/index.php?rest_route=\/wp\/v2\/pages\/98\/revisions\/764"}],"wp:featuredmedia":[{"embeddable":true,"href":"https:\/\/www.daruj-vajicka.cz\/index.php?rest_route=\/wp\/v2\/media\/714"}],"wp:attachment":[{"href":"https:\/\/www.daruj-vajicka.cz\/index.php?rest_route=%2Fwp%2Fv2%2Fmedia&parent=98"}],"curies":[{"name":"wp","href":"https:\/\/api.w.org\/{rel}","templated":true}]}}